{"id":3304571,"date":"2025-01-28T09:35:25","date_gmt":"2025-01-28T07:35:25","guid":{"rendered":"https:\/\/koovee.fi\/taitoluistelu\/?page_id=3304571"},"modified":"2025-03-29T20:51:39","modified_gmt":"2025-03-29T18:51:39","slug":"encanto-jainen-seikkailu-30-3-2025-hakametsassa","status":"publish","type":"page","link":"https:\/\/koovee.fi\/taitoluistelu\/kilpailut-ja-tapahtumat\/encanto-jainen-seikkailu-30-3-2025-hakametsassa\/","title":{"rendered":"Encanto -j\u00e4inen seikkailu 30.3.2025 Hakamets\u00e4ss\u00e4"},"content":{"rendered":"","protected":false},"excerpt":{"rendered":"","protected":false},"author":25,"featured_media":3304524,"parent":3301665,"menu_order":0,"comment_status":"closed","ping_status":"closed","template":"","meta":{"_acf_changed":false,"footnotes":""},"class_list":["post-3304571","page","type-page","status-publish","has-post-thumbnail","hentry"],"acf":[],"yoast_head":"<!-- This site is optimized with the Yoast SEO plugin v26.7 - https:\/\/yoast.com\/wordpress\/plugins\/seo\/ -->\n<title>Encanto -j\u00e4inen seikkailu 30.3.2025 Hakamets\u00e4ss\u00e4 - Koovee Taitoluistelu<\/title>\n<meta name=\"robots\" content=\"index, follow, max-snippet:-1, max-image-preview:large, max-video-preview:-1\" \/>\n<link rel=\"canonical\" href=\"https:\/\/koovee.fi\/taitoluistelu\/kilpailut-ja-tapahtumat\/encanto-jainen-seikkailu-30-3-2025-hakametsassa\/\" \/>\n<meta property=\"og:locale\" content=\"fi_FI\" \/>\n<meta property=\"og:type\" content=\"article\" \/>\n<meta property=\"og:title\" content=\"Encanto -j\u00e4inen seikkailu 30.3.2025 Hakamets\u00e4ss\u00e4 - Koovee Taitoluistelu\" \/>\n<meta property=\"og:url\" content=\"https:\/\/koovee.fi\/taitoluistelu\/kilpailut-ja-tapahtumat\/encanto-jainen-seikkailu-30-3-2025-hakametsassa\/\" \/>\n<meta property=\"og:site_name\" content=\"Koovee Taitoluistelu\" \/>\n<meta property=\"article:publisher\" content=\"https:\/\/www.facebook.com\/kooveetaitoluistelu\" \/>\n<meta property=\"article:modified_time\" content=\"2025-03-29T18:51:39+00:00\" \/>\n<meta property=\"og:image\" content=\"https:\/\/koovee.fi\/taitoluistelu\/wp-content\/uploads\/sites\/9\/2025\/01\/encanto-stream.kuva_.1920x1080.jpg\" \/>\n\t<meta property=\"og:image:width\" content=\"1920\" \/>\n\t<meta property=\"og:image:height\" content=\"1080\" \/>\n\t<meta property=\"og:image:type\" content=\"image\/jpeg\" \/>\n<meta name=\"twitter:card\" content=\"summary_large_image\" \/>\n<meta name=\"twitter:label1\" content=\"Arvioitu lukuaika\" \/>\n\t<meta name=\"twitter:data1\" content=\"1 minuutti\" \/>\n<script type=\"application\/ld+json\" class=\"yoast-schema-graph\">{\"@context\":\"https:\/\/schema.org\",\"@graph\":[{\"@type\":\"WebPage\",\"@id\":\"https:\/\/koovee.fi\/taitoluistelu\/kilpailut-ja-tapahtumat\/encanto-jainen-seikkailu-30-3-2025-hakametsassa\/\",\"url\":\"https:\/\/koovee.fi\/taitoluistelu\/kilpailut-ja-tapahtumat\/encanto-jainen-seikkailu-30-3-2025-hakametsassa\/\",\"name\":\"Encanto -j\u00e4inen seikkailu 30.3.2025 Hakamets\u00e4ss\u00e4 - Koovee Taitoluistelu\",\"isPartOf\":{\"@id\":\"https:\/\/koovee.fi\/taitoluistelu\/#website\"},\"primaryImageOfPage\":{\"@id\":\"https:\/\/koovee.fi\/taitoluistelu\/kilpailut-ja-tapahtumat\/encanto-jainen-seikkailu-30-3-2025-hakametsassa\/#primaryimage\"},\"image\":{\"@id\":\"https:\/\/koovee.fi\/taitoluistelu\/kilpailut-ja-tapahtumat\/encanto-jainen-seikkailu-30-3-2025-hakametsassa\/#primaryimage\"},\"thumbnailUrl\":\"https:\/\/koovee.fi\/taitoluistelu\/wp-content\/uploads\/sites\/9\/2025\/01\/encanto-stream.kuva_.1920x1080.jpg\",\"datePublished\":\"2025-01-28T07:35:25+00:00\",\"dateModified\":\"2025-03-29T18:51:39+00:00\",\"breadcrumb\":{\"@id\":\"https:\/\/koovee.fi\/taitoluistelu\/kilpailut-ja-tapahtumat\/encanto-jainen-seikkailu-30-3-2025-hakametsassa\/#breadcrumb\"},\"inLanguage\":\"fi\",\"potentialAction\":[{\"@type\":\"ReadAction\",\"target\":[\"https:\/\/koovee.fi\/taitoluistelu\/kilpailut-ja-tapahtumat\/encanto-jainen-seikkailu-30-3-2025-hakametsassa\/\"]}]},{\"@type\":\"ImageObject\",\"inLanguage\":\"fi\",\"@id\":\"https:\/\/koovee.fi\/taitoluistelu\/kilpailut-ja-tapahtumat\/encanto-jainen-seikkailu-30-3-2025-hakametsassa\/#primaryimage\",\"url\":\"https:\/\/koovee.fi\/taitoluistelu\/wp-content\/uploads\/sites\/9\/2025\/01\/encanto-stream.kuva_.1920x1080.jpg\",\"contentUrl\":\"https:\/\/koovee.fi\/taitoluistelu\/wp-content\/uploads\/sites\/9\/2025\/01\/encanto-stream.kuva_.1920x1080.jpg\",\"width\":1920,\"height\":1080},{\"@type\":\"BreadcrumbList\",\"@id\":\"https:\/\/koovee.fi\/taitoluistelu\/kilpailut-ja-tapahtumat\/encanto-jainen-seikkailu-30-3-2025-hakametsassa\/#breadcrumb\",\"itemListElement\":[{\"@type\":\"ListItem\",\"position\":1,\"name\":\"Etusivu\",\"item\":\"https:\/\/koovee.fi\/taitoluistelu\/\"},{\"@type\":\"ListItem\",\"position\":2,\"name\":\"Kilpailut ja tapahtumat\",\"item\":\"https:\/\/koovee.fi\/taitoluistelu\/kilpailut-ja-tapahtumat\/\"},{\"@type\":\"ListItem\",\"position\":3,\"name\":\"Encanto -j\u00e4inen seikkailu 30.3.2025 Hakamets\u00e4ss\u00e4\"}]},{\"@type\":\"WebSite\",\"@id\":\"https:\/\/koovee.fi\/taitoluistelu\/#website\",\"url\":\"https:\/\/koovee.fi\/taitoluistelu\/\",\"name\":\"Koovee Taitoluistelu\",\"description\":\"\",\"potentialAction\":[{\"@type\":\"SearchAction\",\"target\":{\"@type\":\"EntryPoint\",\"urlTemplate\":\"https:\/\/koovee.fi\/taitoluistelu\/?s={search_term_string}\"},\"query-input\":{\"@type\":\"PropertyValueSpecification\",\"valueRequired\":true,\"valueName\":\"search_term_string\"}}],\"inLanguage\":\"fi\"}]}<\/script>\n<!-- \/ Yoast SEO plugin. -->","yoast_head_json":{"title":"Encanto -j\u00e4inen seikkailu 30.3.2025 Hakamets\u00e4ss\u00e4 - Koovee Taitoluistelu","robots":{"index":"index","follow":"follow","max-snippet":"max-snippet:-1","max-image-preview":"max-image-preview:large","max-video-preview":"max-video-preview:-1"},"canonical":"https:\/\/koovee.fi\/taitoluistelu\/kilpailut-ja-tapahtumat\/encanto-jainen-seikkailu-30-3-2025-hakametsassa\/","og_locale":"fi_FI","og_type":"article","og_title":"Encanto -j\u00e4inen seikkailu 30.3.2025 Hakamets\u00e4ss\u00e4 - Koovee Taitoluistelu","og_url":"https:\/\/koovee.fi\/taitoluistelu\/kilpailut-ja-tapahtumat\/encanto-jainen-seikkailu-30-3-2025-hakametsassa\/","og_site_name":"Koovee Taitoluistelu","article_publisher":"https:\/\/www.facebook.com\/kooveetaitoluistelu","article_modified_time":"2025-03-29T18:51:39+00:00","og_image":[{"width":1920,"height":1080,"url":"https:\/\/koovee.fi\/taitoluistelu\/wp-content\/uploads\/sites\/9\/2025\/01\/encanto-stream.kuva_.1920x1080.jpg","type":"image\/jpeg"}],"twitter_card":"summary_large_image","twitter_misc":{"Arvioitu lukuaika":"1 minuutti"},"schema":{"@context":"https:\/\/schema.org","@graph":[{"@type":"WebPage","@id":"https:\/\/koovee.fi\/taitoluistelu\/kilpailut-ja-tapahtumat\/encanto-jainen-seikkailu-30-3-2025-hakametsassa\/","url":"https:\/\/koovee.fi\/taitoluistelu\/kilpailut-ja-tapahtumat\/encanto-jainen-seikkailu-30-3-2025-hakametsassa\/","name":"Encanto -j\u00e4inen seikkailu 30.3.2025 Hakamets\u00e4ss\u00e4 - Koovee Taitoluistelu","isPartOf":{"@id":"https:\/\/koovee.fi\/taitoluistelu\/#website"},"primaryImageOfPage":{"@id":"https:\/\/koovee.fi\/taitoluistelu\/kilpailut-ja-tapahtumat\/encanto-jainen-seikkailu-30-3-2025-hakametsassa\/#primaryimage"},"image":{"@id":"https:\/\/koovee.fi\/taitoluistelu\/kilpailut-ja-tapahtumat\/encanto-jainen-seikkailu-30-3-2025-hakametsassa\/#primaryimage"},"thumbnailUrl":"https:\/\/koovee.fi\/taitoluistelu\/wp-content\/uploads\/sites\/9\/2025\/01\/encanto-stream.kuva_.1920x1080.jpg","datePublished":"2025-01-28T07:35:25+00:00","dateModified":"2025-03-29T18:51:39+00:00","breadcrumb":{"@id":"https:\/\/koovee.fi\/taitoluistelu\/kilpailut-ja-tapahtumat\/encanto-jainen-seikkailu-30-3-2025-hakametsassa\/#breadcrumb"},"inLanguage":"fi","potentialAction":[{"@type":"ReadAction","target":["https:\/\/koovee.fi\/taitoluistelu\/kilpailut-ja-tapahtumat\/encanto-jainen-seikkailu-30-3-2025-hakametsassa\/"]}]},{"@type":"ImageObject","inLanguage":"fi","@id":"https:\/\/koovee.fi\/taitoluistelu\/kilpailut-ja-tapahtumat\/encanto-jainen-seikkailu-30-3-2025-hakametsassa\/#primaryimage","url":"https:\/\/koovee.fi\/taitoluistelu\/wp-content\/uploads\/sites\/9\/2025\/01\/encanto-stream.kuva_.1920x1080.jpg","contentUrl":"https:\/\/koovee.fi\/taitoluistelu\/wp-content\/uploads\/sites\/9\/2025\/01\/encanto-stream.kuva_.1920x1080.jpg","width":1920,"height":1080},{"@type":"BreadcrumbList","@id":"https:\/\/koovee.fi\/taitoluistelu\/kilpailut-ja-tapahtumat\/encanto-jainen-seikkailu-30-3-2025-hakametsassa\/#breadcrumb","itemListElement":[{"@type":"ListItem","position":1,"name":"Etusivu","item":"https:\/\/koovee.fi\/taitoluistelu\/"},{"@type":"ListItem","position":2,"name":"Kilpailut ja tapahtumat","item":"https:\/\/koovee.fi\/taitoluistelu\/kilpailut-ja-tapahtumat\/"},{"@type":"ListItem","position":3,"name":"Encanto -j\u00e4inen seikkailu 30.3.2025 Hakamets\u00e4ss\u00e4"}]},{"@type":"WebSite","@id":"https:\/\/koovee.fi\/taitoluistelu\/#website","url":"https:\/\/koovee.fi\/taitoluistelu\/","name":"Koovee Taitoluistelu","description":"","potentialAction":[{"@type":"SearchAction","target":{"@type":"EntryPoint","urlTemplate":"https:\/\/koovee.fi\/taitoluistelu\/?s={search_term_string}"},"query-input":{"@type":"PropertyValueSpecification","valueRequired":true,"valueName":"search_term_string"}}],"inLanguage":"fi"}]}},"_links":{"self":[{"href":"https:\/\/koovee.fi\/taitoluistelu\/wp-json\/wp\/v2\/pages\/3304571","targetHints":{"allow":["GET"]}}],"collection":[{"href":"https:\/\/koovee.fi\/taitoluistelu\/wp-json\/wp\/v2\/pages"}],"about":[{"href":"https:\/\/koovee.fi\/taitoluistelu\/wp-json\/wp\/v2\/types\/page"}],"author":[{"embeddable":true,"href":"https:\/\/koovee.fi\/taitoluistelu\/wp-json\/wp\/v2\/users\/25"}],"replies":[{"embeddable":true,"href":"https:\/\/koovee.fi\/taitoluistelu\/wp-json\/wp\/v2\/comments?post=3304571"}],"version-history":[{"count":4,"href":"https:\/\/koovee.fi\/taitoluistelu\/wp-json\/wp\/v2\/pages\/3304571\/revisions"}],"predecessor-version":[{"id":3304633,"href":"https:\/\/koovee.fi\/taitoluistelu\/wp-json\/wp\/v2\/pages\/3304571\/revisions\/3304633"}],"up":[{"embeddable":true,"href":"https:\/\/koovee.fi\/taitoluistelu\/wp-json\/wp\/v2\/pages\/3301665"}],"wp:featuredmedia":[{"embeddable":true,"href":"https:\/\/koovee.fi\/taitoluistelu\/wp-json\/wp\/v2\/media\/3304524"}],"wp:attachment":[{"href":"https:\/\/koovee.fi\/taitoluistelu\/wp-json\/wp\/v2\/media?parent=3304571"}],"curies":[{"name":"wp","href":"https:\/\/api.w.org\/{rel}","templated":true}]}}