{"id":3303764,"date":"2024-02-01T12:07:27","date_gmt":"2024-02-01T10:07:27","guid":{"rendered":"https:\/\/koovee.fi\/taitoluistelu\/?page_id=3303764"},"modified":"2024-04-06T21:20:59","modified_gmt":"2024-04-06T18:20:59","slug":"barbie-on-ice-6-4-2024","status":"publish","type":"page","link":"https:\/\/koovee.fi\/taitoluistelu\/barbie-on-ice-6-4-2024\/","title":{"rendered":"Barbie on ice 6.4.2024"},"content":{"rendered":"","protected":false},"excerpt":{"rendered":"","protected":false},"author":41,"featured_media":0,"parent":0,"menu_order":0,"comment_status":"closed","ping_status":"closed","template":"","meta":{"_acf_changed":false,"footnotes":""},"class_list":["post-3303764","page","type-page","status-publish","hentry"],"acf":[],"yoast_head":"<!-- This site is optimized with the Yoast SEO plugin v26.7 - https:\/\/yoast.com\/wordpress\/plugins\/seo\/ -->\n<title>Barbie on ice 6.4.2024 - Koovee Taitoluistelu<\/title>\n<meta name=\"description\" content=\"Koovee taitoluistelu esitt\u00e4\u00e4 Barbie On Ice! \ud83c\udf80\ud83e\ude70\u2728\ufe0f Tervetuloa seuraamaan kev\u00e4\u00e4n odotetuinta j\u00e4\u00e4show&#039;ta, kun Hakamets\u00e4n j\u00e4\u00e4hallin valtaa Barbie On Ice lauantaina 6.4.2024!\" \/>\n<meta name=\"robots\" content=\"index, follow, max-snippet:-1, max-image-preview:large, max-video-preview:-1\" \/>\n<link rel=\"canonical\" href=\"https:\/\/koovee.fi\/taitoluistelu\/barbie-on-ice-6-4-2024\/\" \/>\n<meta property=\"og:locale\" content=\"fi_FI\" \/>\n<meta property=\"og:type\" content=\"article\" \/>\n<meta property=\"og:title\" content=\"Barbie on ice 6.4.2024 - Koovee Taitoluistelu\" \/>\n<meta property=\"og:description\" content=\"Koovee taitoluistelu esitt\u00e4\u00e4 Barbie On Ice! \ud83c\udf80\ud83e\ude70\u2728\ufe0f Tervetuloa seuraamaan kev\u00e4\u00e4n odotetuinta j\u00e4\u00e4show&#039;ta, kun Hakamets\u00e4n j\u00e4\u00e4hallin valtaa Barbie On Ice lauantaina 6.4.2024!\" \/>\n<meta property=\"og:url\" content=\"https:\/\/koovee.fi\/taitoluistelu\/barbie-on-ice-6-4-2024\/\" \/>\n<meta property=\"og:site_name\" content=\"Koovee Taitoluistelu\" \/>\n<meta property=\"article:publisher\" content=\"https:\/\/www.facebook.com\/kooveetaitoluistelu\" \/>\n<meta property=\"article:modified_time\" content=\"2024-04-06T18:20:59+00:00\" \/>\n<meta name=\"twitter:card\" content=\"summary_large_image\" \/>\n<script type=\"application\/ld+json\" class=\"yoast-schema-graph\">{\"@context\":\"https:\/\/schema.org\",\"@graph\":[{\"@type\":\"WebPage\",\"@id\":\"https:\/\/koovee.fi\/taitoluistelu\/barbie-on-ice-6-4-2024\/\",\"url\":\"https:\/\/koovee.fi\/taitoluistelu\/barbie-on-ice-6-4-2024\/\",\"name\":\"Barbie on ice 6.4.2024 - Koovee Taitoluistelu\",\"isPartOf\":{\"@id\":\"https:\/\/koovee.fi\/taitoluistelu\/#website\"},\"datePublished\":\"2024-02-01T10:07:27+00:00\",\"dateModified\":\"2024-04-06T18:20:59+00:00\",\"description\":\"Koovee taitoluistelu esitt\u00e4\u00e4 Barbie On Ice! \ud83c\udf80\ud83e\ude70\u2728\ufe0f Tervetuloa seuraamaan kev\u00e4\u00e4n odotetuinta j\u00e4\u00e4show'ta, kun Hakamets\u00e4n j\u00e4\u00e4hallin valtaa Barbie On Ice lauantaina 6.4.2024!\",\"breadcrumb\":{\"@id\":\"https:\/\/koovee.fi\/taitoluistelu\/barbie-on-ice-6-4-2024\/#breadcrumb\"},\"inLanguage\":\"fi\",\"potentialAction\":[{\"@type\":\"ReadAction\",\"target\":[\"https:\/\/koovee.fi\/taitoluistelu\/barbie-on-ice-6-4-2024\/\"]}]},{\"@type\":\"BreadcrumbList\",\"@id\":\"https:\/\/koovee.fi\/taitoluistelu\/barbie-on-ice-6-4-2024\/#breadcrumb\",\"itemListElement\":[{\"@type\":\"ListItem\",\"position\":1,\"name\":\"Etusivu\",\"item\":\"https:\/\/koovee.fi\/taitoluistelu\/\"},{\"@type\":\"ListItem\",\"position\":2,\"name\":\"Barbie on ice 6.4.2024\"}]},{\"@type\":\"WebSite\",\"@id\":\"https:\/\/koovee.fi\/taitoluistelu\/#website\",\"url\":\"https:\/\/koovee.fi\/taitoluistelu\/\",\"name\":\"Koovee Taitoluistelu\",\"description\":\"\",\"potentialAction\":[{\"@type\":\"SearchAction\",\"target\":{\"@type\":\"EntryPoint\",\"urlTemplate\":\"https:\/\/koovee.fi\/taitoluistelu\/?s={search_term_string}\"},\"query-input\":{\"@type\":\"PropertyValueSpecification\",\"valueRequired\":true,\"valueName\":\"search_term_string\"}}],\"inLanguage\":\"fi\"}]}<\/script>\n<!-- \/ Yoast SEO plugin. -->","yoast_head_json":{"title":"Barbie on ice 6.4.2024 - Koovee Taitoluistelu","description":"Koovee taitoluistelu esitt\u00e4\u00e4 Barbie On Ice! \ud83c\udf80\ud83e\ude70\u2728\ufe0f Tervetuloa seuraamaan kev\u00e4\u00e4n odotetuinta j\u00e4\u00e4show'ta, kun Hakamets\u00e4n j\u00e4\u00e4hallin valtaa Barbie On Ice lauantaina 6.4.2024!","robots":{"index":"index","follow":"follow","max-snippet":"max-snippet:-1","max-image-preview":"max-image-preview:large","max-video-preview":"max-video-preview:-1"},"canonical":"https:\/\/koovee.fi\/taitoluistelu\/barbie-on-ice-6-4-2024\/","og_locale":"fi_FI","og_type":"article","og_title":"Barbie on ice 6.4.2024 - Koovee Taitoluistelu","og_description":"Koovee taitoluistelu esitt\u00e4\u00e4 Barbie On Ice! \ud83c\udf80\ud83e\ude70\u2728\ufe0f Tervetuloa seuraamaan kev\u00e4\u00e4n odotetuinta j\u00e4\u00e4show'ta, kun Hakamets\u00e4n j\u00e4\u00e4hallin valtaa Barbie On Ice lauantaina 6.4.2024!","og_url":"https:\/\/koovee.fi\/taitoluistelu\/barbie-on-ice-6-4-2024\/","og_site_name":"Koovee Taitoluistelu","article_publisher":"https:\/\/www.facebook.com\/kooveetaitoluistelu","article_modified_time":"2024-04-06T18:20:59+00:00","twitter_card":"summary_large_image","schema":{"@context":"https:\/\/schema.org","@graph":[{"@type":"WebPage","@id":"https:\/\/koovee.fi\/taitoluistelu\/barbie-on-ice-6-4-2024\/","url":"https:\/\/koovee.fi\/taitoluistelu\/barbie-on-ice-6-4-2024\/","name":"Barbie on ice 6.4.2024 - Koovee Taitoluistelu","isPartOf":{"@id":"https:\/\/koovee.fi\/taitoluistelu\/#website"},"datePublished":"2024-02-01T10:07:27+00:00","dateModified":"2024-04-06T18:20:59+00:00","description":"Koovee taitoluistelu esitt\u00e4\u00e4 Barbie On Ice! \ud83c\udf80\ud83e\ude70\u2728\ufe0f Tervetuloa seuraamaan kev\u00e4\u00e4n odotetuinta j\u00e4\u00e4show'ta, kun Hakamets\u00e4n j\u00e4\u00e4hallin valtaa Barbie On Ice lauantaina 6.4.2024!","breadcrumb":{"@id":"https:\/\/koovee.fi\/taitoluistelu\/barbie-on-ice-6-4-2024\/#breadcrumb"},"inLanguage":"fi","potentialAction":[{"@type":"ReadAction","target":["https:\/\/koovee.fi\/taitoluistelu\/barbie-on-ice-6-4-2024\/"]}]},{"@type":"BreadcrumbList","@id":"https:\/\/koovee.fi\/taitoluistelu\/barbie-on-ice-6-4-2024\/#breadcrumb","itemListElement":[{"@type":"ListItem","position":1,"name":"Etusivu","item":"https:\/\/koovee.fi\/taitoluistelu\/"},{"@type":"ListItem","position":2,"name":"Barbie on ice 6.4.2024"}]},{"@type":"WebSite","@id":"https:\/\/koovee.fi\/taitoluistelu\/#website","url":"https:\/\/koovee.fi\/taitoluistelu\/","name":"Koovee Taitoluistelu","description":"","potentialAction":[{"@type":"SearchAction","target":{"@type":"EntryPoint","urlTemplate":"https:\/\/koovee.fi\/taitoluistelu\/?s={search_term_string}"},"query-input":{"@type":"PropertyValueSpecification","valueRequired":true,"valueName":"search_term_string"}}],"inLanguage":"fi"}]}},"_links":{"self":[{"href":"https:\/\/koovee.fi\/taitoluistelu\/wp-json\/wp\/v2\/pages\/3303764","targetHints":{"allow":["GET"]}}],"collection":[{"href":"https:\/\/koovee.fi\/taitoluistelu\/wp-json\/wp\/v2\/pages"}],"about":[{"href":"https:\/\/koovee.fi\/taitoluistelu\/wp-json\/wp\/v2\/types\/page"}],"author":[{"embeddable":true,"href":"https:\/\/koovee.fi\/taitoluistelu\/wp-json\/wp\/v2\/users\/41"}],"replies":[{"embeddable":true,"href":"https:\/\/koovee.fi\/taitoluistelu\/wp-json\/wp\/v2\/comments?post=3303764"}],"version-history":[{"count":3,"href":"https:\/\/koovee.fi\/taitoluistelu\/wp-json\/wp\/v2\/pages\/3303764\/revisions"}],"predecessor-version":[{"id":3303980,"href":"https:\/\/koovee.fi\/taitoluistelu\/wp-json\/wp\/v2\/pages\/3303764\/revisions\/3303980"}],"wp:attachment":[{"href":"https:\/\/koovee.fi\/taitoluistelu\/wp-json\/wp\/v2\/media?parent=3303764"}],"curies":[{"name":"wp","href":"https:\/\/api.w.org\/{rel}","templated":true}]}}