{"id":3303019,"date":"2023-01-16T19:56:49","date_gmt":"2023-01-16T17:56:49","guid":{"rendered":"https:\/\/koovee.fi\/taitoluistelu\/?page_id=3303019"},"modified":"2025-12-31T10:15:45","modified_gmt":"2025-12-31T08:15:45","slug":"palautetta-johtokunnalle","status":"publish","type":"page","link":"https:\/\/koovee.fi\/taitoluistelu\/palautetta-johtokunnalle\/","title":{"rendered":"Palautetta johtokunnalle"},"content":{"rendered":"<div class=\"frm_forms  with_frm_style frm_style_formidable-style\" id=\"frm_form_13_container\" data-token=\"5b2353afb87dac409e2c52c1f0333b9d\">\n<form enctype=\"multipart\/form-data\" method=\"post\" class=\"frm-show-form  frm_pro_form \" id=\"form_palautettajohtokunnalle\" data-token=\"5b2353afb87dac409e2c52c1f0333b9d\">\n<div class=\"frm_form_fields \">\n<fieldset>\n<legend class=\"frm_screen_reader\">Palautetta johtokunnalle<\/legend>\r\n\r\n<div class=\"frm_fields_container\">\n<input type=\"hidden\" name=\"frm_action\" value=\"create\" \/>\n<input type=\"hidden\" name=\"form_id\" value=\"13\" \/>\n<input type=\"hidden\" name=\"frm_hide_fields_13\" id=\"frm_hide_fields_13\" value=\"\" \/>\n<input type=\"hidden\" name=\"form_key\" value=\"palautettajohtokunnalle\" \/>\n<input type=\"hidden\" name=\"item_meta[0]\" value=\"\" \/>\n<input type=\"hidden\" id=\"frm_submit_entry_13\" name=\"frm_submit_entry_13\" value=\"013b315218\" \/><input type=\"hidden\" name=\"_wp_http_referer\" value=\"\/taitoluistelu\/wp-json\/wp\/v2\/pages\/3303019\" \/><div id=\"frm_field_109_container\" class=\"frm_form_field form-field  frm_required_field frm_top_container frm12 frm_first\">\r\n\t<label for=\"field_7nfox\" id=\"field_7nfox_label\" class=\"frm_primary_label\">S\u00e4hk\u00f6postiosoite\r\n\t\t<span class=\"frm_required\" aria-hidden=\"true\">*<\/span>\r\n\t<\/label>\r\n\t<input type=\"email\" id=\"field_7nfox\" name=\"item_meta[109]\" value=\"\"  autocomplete=\"email\"  data-reqmsg=\"T\u00e4m\u00e4 kentt\u00e4 ei voi olla tyhj\u00e4.\" aria-required=\"true\" data-invmsg=\"S\u00e4hk\u00f6postiosoite is invalid\" aria-invalid=\"false\"  \/>\r\n\t\r\n\t\r\n<\/div>\n<div id=\"frm_field_102_container\" class=\"frm_form_field form-field  frm_top_container frm12 frm_first\">\r\n    <label for=\"field_4p8j5\" id=\"field_4p8j5_label\" class=\"frm_primary_label\">Ryhm\u00e4\r\n        <span class=\"frm_required\" aria-hidden=\"true\"><\/span>\r\n    <\/label>\r\n    <input  type=\"text\" id=\"field_4p8j5\" name=\"item_meta[102]\" value=\"\"  style=\"width:50%\" maxlength=\"15\" data-invmsg=\"Text is invalid\" class=\"auto_width\" aria-invalid=\"false\"   aria-describedby=\"frm_desc_field_4p8j5\" \/>\r\n    <div class=\"frm_description\" id=\"frm_desc_field_4p8j5\">K1, K2 &#8230;.<\/div>\r\n    \r\n<\/div>\n<div id=\"frm_field_103_container\" class=\"frm_form_field form-field  frm_top_container\">\r\n    <label for=\"field_puyt9\" id=\"field_puyt9_label\" class=\"frm_primary_label\">Palaute\r\n        <span class=\"frm_required\" aria-hidden=\"true\"><\/span>\r\n    <\/label>\r\n    <textarea name=\"item_meta[103]\" id=\"field_puyt9\" rows=\"10\"  style=\"width:100%\" data-invmsg=\"Palaute is invalid\" class=\"auto_width\" aria-invalid=\"false\"   aria-describedby=\"frm_desc_field_puyt9\"><\/textarea>\r\n    <div class=\"frm_description\" id=\"frm_desc_field_puyt9\">Vapaa palaute<\/div>\r\n    \r\n<\/div>\n<div id=\"frm_field_108_container\" class=\"frm_form_field form-field \">\r\n\t<div class=\"frm_submit\">\r\n\r\n<button class=\"frm_button_submit frm_final_submit\" type=\"submit\"   formnovalidate=\"formnovalidate\">L\u00e4het\u00e4<\/button>\r\n\r\n<a href=\"#\" tabindex=\"0\" class=\"frm_start_over\" >Tyhjenn\u00e4 lomake<\/a>\r\n<\/div>\r\n<\/div>\n\t<input type=\"hidden\" name=\"item_key\" value=\"\" \/>\n\t\t\t<div id=\"frm_field_125_container\">\n\t\t\t<label for=\"field_gmy2a\" >\n\t\t\t\tIf you are human, leave this field blank.\t\t\t<\/label>\n\t\t\t<input  id=\"field_gmy2a\" type=\"text\" class=\"frm_form_field form-field frm_verify\" name=\"item_meta[125]\" value=\"\"  \/>\n\t\t<\/div>\n\t\t<input name=\"frm_state\" type=\"hidden\" value=\"1ON8XmkaEjxfXq9pnb1PTsPPS3EvMUfRjFh\/og51l941Qvzji1qa\/K6AxHus+qyt\" \/><\/div>\n<\/fieldset>\n<\/div>\n\n<p style=\"display: none !important;\" class=\"akismet-fields-container\" data-prefix=\"ak_\"><label>&#916;<textarea name=\"ak_hp_textarea\" cols=\"45\" rows=\"8\" maxlength=\"100\"><\/textarea><\/label><input type=\"hidden\" id=\"ak_js_1\" name=\"ak_js\" value=\"49\"\/><script>document.getElementById( \"ak_js_1\" ).setAttribute( \"value\", ( new Date() ).getTime() );<\/script><\/p><\/form>\n<\/div>\n","protected":false},"excerpt":{"rendered":"","protected":false},"author":41,"featured_media":0,"parent":0,"menu_order":0,"comment_status":"closed","ping_status":"closed","template":"","meta":{"_acf_changed":false,"footnotes":""},"class_list":["post-3303019","page","type-page","status-publish","hentry"],"acf":[],"yoast_head":"<!-- This site is optimized with the Yoast SEO plugin v26.7 - https:\/\/yoast.com\/wordpress\/plugins\/seo\/ -->\n<title>Palautetta johtokunnalle - Koovee Taitoluistelu<\/title>\n<meta name=\"robots\" content=\"index, follow, max-snippet:-1, max-image-preview:large, max-video-preview:-1\" \/>\n<link rel=\"canonical\" href=\"https:\/\/koovee.fi\/taitoluistelu\/palautetta-johtokunnalle\/\" \/>\n<meta property=\"og:locale\" content=\"fi_FI\" \/>\n<meta property=\"og:type\" content=\"article\" \/>\n<meta property=\"og:title\" content=\"Palautetta johtokunnalle - Koovee Taitoluistelu\" \/>\n<meta property=\"og:url\" content=\"https:\/\/koovee.fi\/taitoluistelu\/palautetta-johtokunnalle\/\" \/>\n<meta property=\"og:site_name\" content=\"Koovee Taitoluistelu\" \/>\n<meta property=\"article:publisher\" content=\"https:\/\/www.facebook.com\/kooveetaitoluistelu\" \/>\n<meta property=\"article:modified_time\" content=\"2025-12-31T08:15:45+00:00\" \/>\n<meta name=\"twitter:card\" content=\"summary_large_image\" \/>\n<meta name=\"twitter:label1\" content=\"Arvioitu lukuaika\" \/>\n\t<meta name=\"twitter:data1\" content=\"1 minuutti\" \/>\n<script type=\"application\/ld+json\" class=\"yoast-schema-graph\">{\"@context\":\"https:\/\/schema.org\",\"@graph\":[{\"@type\":\"WebPage\",\"@id\":\"https:\/\/koovee.fi\/taitoluistelu\/palautetta-johtokunnalle\/\",\"url\":\"https:\/\/koovee.fi\/taitoluistelu\/palautetta-johtokunnalle\/\",\"name\":\"Palautetta johtokunnalle - Koovee Taitoluistelu\",\"isPartOf\":{\"@id\":\"https:\/\/koovee.fi\/taitoluistelu\/#website\"},\"datePublished\":\"2023-01-16T17:56:49+00:00\",\"dateModified\":\"2025-12-31T08:15:45+00:00\",\"breadcrumb\":{\"@id\":\"https:\/\/koovee.fi\/taitoluistelu\/palautetta-johtokunnalle\/#breadcrumb\"},\"inLanguage\":\"fi\",\"potentialAction\":[{\"@type\":\"ReadAction\",\"target\":[\"https:\/\/koovee.fi\/taitoluistelu\/palautetta-johtokunnalle\/\"]}]},{\"@type\":\"BreadcrumbList\",\"@id\":\"https:\/\/koovee.fi\/taitoluistelu\/palautetta-johtokunnalle\/#breadcrumb\",\"itemListElement\":[{\"@type\":\"ListItem\",\"position\":1,\"name\":\"Etusivu\",\"item\":\"https:\/\/koovee.fi\/taitoluistelu\/\"},{\"@type\":\"ListItem\",\"position\":2,\"name\":\"Palautetta johtokunnalle\"}]},{\"@type\":\"WebSite\",\"@id\":\"https:\/\/koovee.fi\/taitoluistelu\/#website\",\"url\":\"https:\/\/koovee.fi\/taitoluistelu\/\",\"name\":\"Koovee Taitoluistelu\",\"description\":\"\",\"potentialAction\":[{\"@type\":\"SearchAction\",\"target\":{\"@type\":\"EntryPoint\",\"urlTemplate\":\"https:\/\/koovee.fi\/taitoluistelu\/?s={search_term_string}\"},\"query-input\":{\"@type\":\"PropertyValueSpecification\",\"valueRequired\":true,\"valueName\":\"search_term_string\"}}],\"inLanguage\":\"fi\"}]}<\/script>\n<!-- \/ Yoast SEO plugin. -->","yoast_head_json":{"title":"Palautetta johtokunnalle - Koovee Taitoluistelu","robots":{"index":"index","follow":"follow","max-snippet":"max-snippet:-1","max-image-preview":"max-image-preview:large","max-video-preview":"max-video-preview:-1"},"canonical":"https:\/\/koovee.fi\/taitoluistelu\/palautetta-johtokunnalle\/","og_locale":"fi_FI","og_type":"article","og_title":"Palautetta johtokunnalle - Koovee Taitoluistelu","og_url":"https:\/\/koovee.fi\/taitoluistelu\/palautetta-johtokunnalle\/","og_site_name":"Koovee Taitoluistelu","article_publisher":"https:\/\/www.facebook.com\/kooveetaitoluistelu","article_modified_time":"2025-12-31T08:15:45+00:00","twitter_card":"summary_large_image","twitter_misc":{"Arvioitu lukuaika":"1 minuutti"},"schema":{"@context":"https:\/\/schema.org","@graph":[{"@type":"WebPage","@id":"https:\/\/koovee.fi\/taitoluistelu\/palautetta-johtokunnalle\/","url":"https:\/\/koovee.fi\/taitoluistelu\/palautetta-johtokunnalle\/","name":"Palautetta johtokunnalle - Koovee Taitoluistelu","isPartOf":{"@id":"https:\/\/koovee.fi\/taitoluistelu\/#website"},"datePublished":"2023-01-16T17:56:49+00:00","dateModified":"2025-12-31T08:15:45+00:00","breadcrumb":{"@id":"https:\/\/koovee.fi\/taitoluistelu\/palautetta-johtokunnalle\/#breadcrumb"},"inLanguage":"fi","potentialAction":[{"@type":"ReadAction","target":["https:\/\/koovee.fi\/taitoluistelu\/palautetta-johtokunnalle\/"]}]},{"@type":"BreadcrumbList","@id":"https:\/\/koovee.fi\/taitoluistelu\/palautetta-johtokunnalle\/#breadcrumb","itemListElement":[{"@type":"ListItem","position":1,"name":"Etusivu","item":"https:\/\/koovee.fi\/taitoluistelu\/"},{"@type":"ListItem","position":2,"name":"Palautetta johtokunnalle"}]},{"@type":"WebSite","@id":"https:\/\/koovee.fi\/taitoluistelu\/#website","url":"https:\/\/koovee.fi\/taitoluistelu\/","name":"Koovee Taitoluistelu","description":"","potentialAction":[{"@type":"SearchAction","target":{"@type":"EntryPoint","urlTemplate":"https:\/\/koovee.fi\/taitoluistelu\/?s={search_term_string}"},"query-input":{"@type":"PropertyValueSpecification","valueRequired":true,"valueName":"search_term_string"}}],"inLanguage":"fi"}]}},"_links":{"self":[{"href":"https:\/\/koovee.fi\/taitoluistelu\/wp-json\/wp\/v2\/pages\/3303019","targetHints":{"allow":["GET"]}}],"collection":[{"href":"https:\/\/koovee.fi\/taitoluistelu\/wp-json\/wp\/v2\/pages"}],"about":[{"href":"https:\/\/koovee.fi\/taitoluistelu\/wp-json\/wp\/v2\/types\/page"}],"author":[{"embeddable":true,"href":"https:\/\/koovee.fi\/taitoluistelu\/wp-json\/wp\/v2\/users\/41"}],"replies":[{"embeddable":true,"href":"https:\/\/koovee.fi\/taitoluistelu\/wp-json\/wp\/v2\/comments?post=3303019"}],"version-history":[{"count":3,"href":"https:\/\/koovee.fi\/taitoluistelu\/wp-json\/wp\/v2\/pages\/3303019\/revisions"}],"predecessor-version":[{"id":3305666,"href":"https:\/\/koovee.fi\/taitoluistelu\/wp-json\/wp\/v2\/pages\/3303019\/revisions\/3305666"}],"wp:attachment":[{"href":"https:\/\/koovee.fi\/taitoluistelu\/wp-json\/wp\/v2\/media?parent=3303019"}],"curies":[{"name":"wp","href":"https:\/\/api.w.org\/{rel}","templated":true}]}}