{"id":3302997,"date":"2022-12-30T19:57:08","date_gmt":"2022-12-30T17:57:08","guid":{"rendered":"https:\/\/koovee.fi\/taitoluistelu\/?page_id=3302997"},"modified":"2025-12-31T10:15:55","modified_gmt":"2025-12-31T08:15:55","slug":"lopettamisilmoitus","status":"publish","type":"page","link":"https:\/\/koovee.fi\/taitoluistelu\/sample-page\/lopettamisilmoitus\/","title":{"rendered":"Lopettamisilmoitus"},"content":{"rendered":"<div class=\"frm_forms  with_frm_style frm_style_formidable-style\" id=\"frm_form_12_container\" data-token=\"5b2353afb87dac409e2c52c1f0333b9d\">\n<form enctype=\"multipart\/form-data\" method=\"post\" class=\"frm-show-form  frm_pro_form \" id=\"form_taitoluistelu-lopetusilmoitus\" data-token=\"5b2353afb87dac409e2c52c1f0333b9d\">\n<div class=\"frm_form_fields \">\n<fieldset>\n<legend class=\"frm_screen_reader\">Taitoluistelu &#8211; Lopetusilmoitus<\/legend>\r\n\r\n<div class=\"frm_fields_container\">\n<input type=\"hidden\" name=\"frm_action\" value=\"create\" \/>\n<input type=\"hidden\" name=\"form_id\" value=\"12\" \/>\n<input type=\"hidden\" name=\"frm_hide_fields_12\" id=\"frm_hide_fields_12\" value=\"\" \/>\n<input type=\"hidden\" name=\"form_key\" value=\"taitoluistelu-lopetusilmoitus\" \/>\n<input type=\"hidden\" name=\"item_meta[0]\" value=\"\" \/>\n<input type=\"hidden\" id=\"frm_submit_entry_12\" name=\"frm_submit_entry_12\" value=\"013b315218\" \/><input type=\"hidden\" name=\"_wp_http_referer\" value=\"\/taitoluistelu\/wp-json\/wp\/v2\/pages\/3302997\" \/><div id=\"frm_field_96_container\" class=\"frm_form_field form-field  frm_required_field frm_top_container frm6 frm_first\">\r\n    <label for=\"field_8ou08\" id=\"field_8ou08_label\" class=\"frm_primary_label\">Nimi\r\n        <span class=\"frm_required\" aria-hidden=\"true\">*<\/span>\r\n    <\/label>\r\n    <input  type=\"text\" id=\"field_8ou08\" name=\"item_meta[96]\" value=\"\"  data-reqmsg=\"T\u00e4m\u00e4 kentt\u00e4 ei voi olla tyhj\u00e4.\" aria-required=\"true\" data-invmsg=\"Text is invalid\" aria-invalid=\"false\"   \/>\r\n    \r\n    \r\n<\/div>\n<div id=\"frm_field_97_container\" class=\"frm_form_field form-field  frm_required_field frm_top_container frm6\">\r\n    <label for=\"field_5qidw\" id=\"field_5qidw_label\" class=\"frm_primary_label\">Ryhm\u00e4\r\n        <span class=\"frm_required\" aria-hidden=\"true\">*<\/span>\r\n    <\/label>\r\n    <input  type=\"text\" id=\"field_5qidw\" name=\"item_meta[97]\" value=\"\"  data-reqmsg=\"T\u00e4m\u00e4 kentt\u00e4 ei voi olla tyhj\u00e4.\" aria-required=\"true\" data-invmsg=\"Text is invalid\" aria-invalid=\"false\"   \/>\r\n    \r\n    \r\n<\/div>\n<div id=\"frm_field_98_container\" class=\"frm_form_field form-field  frm_required_field frm_top_container\">\r\n    <label for=\"field_wivdh\" id=\"field_wivdh_label\" class=\"frm_primary_label\">Huomioithan, ett\u00e4 kilparyhm\u00e4\u00e4n kuuluvan luistelijan lopettaessa kesken kauden irtisanomisaika on 2kk lopetusilmoituksen p\u00e4iv\u00e4m\u00e4\u00e4r\u00e4st\u00e4 alkaen. Harrasteryhmien luistelijoilla laskutus p\u00e4\u00e4ttyy irtisanomiskuukauden lopussa.\r\n        <span class=\"frm_required\" aria-hidden=\"true\">*<\/span>\r\n    <\/label>\r\n    <input type=\"text\" id=\"field_wivdh\" name=\"item_meta[98]\" value=\"05\/01\/2026\"  maxlength=\"10\" data-frmval=\"05\/01\/2026\" data-reqmsg=\"T\u00e4m\u00e4 kentt\u00e4 ei voi olla tyhj\u00e4.\" aria-required=\"true\" data-invmsg=\"Date is invalid\" class=\"frm_date\" aria-invalid=\"false\"  \/>\r\n    \r\n    \r\n<\/div>\n<div id=\"frm_field_100_container\" class=\"frm_form_field form-field  frm_required_field frm_top_container\">\r\n    <label for=\"field_zsraq\" id=\"field_zsraq_label\" class=\"frm_primary_label\">S\u00e4hk\u00f6postiosoite\r\n        <span class=\"frm_required\" aria-hidden=\"true\">*<\/span>\r\n    <\/label>\r\n    <input type=\"email\" id=\"field_zsraq\" name=\"item_meta[100]\" value=\"\"  data-reqmsg=\"T\u00e4m\u00e4 kentt\u00e4 ei voi olla tyhj\u00e4.\" aria-required=\"true\" data-invmsg=\"Email is invalid\" aria-invalid=\"false\"  \/>\r\n    \r\n    \r\n<\/div>\n<div id=\"frm_field_101_container\" class=\"frm_form_field form-field  frm_top_container\">\r\n    <label for=\"field_t1si7\" id=\"field_t1si7_label\" class=\"frm_primary_label\">Seuran kehitt\u00e4misen vuoksi, kerrothan meille miksi lopetatte\r\n        <span class=\"frm_required\" aria-hidden=\"true\"><\/span>\r\n    <\/label>\r\n    <textarea name=\"item_meta[101]\" id=\"field_t1si7\" rows=\"5\"  data-invmsg=\"Paragraph is invalid\" aria-invalid=\"false\"  ><\/textarea>\r\n    \r\n    \r\n<\/div>\n<div id=\"frm_field_123_container\" class=\"frm_form_field form-field  frm_required_field frm_top_container vertical_radio\">\n\t<div  id=\"field_hfkfe_label\" class=\"frm_primary_label\">Olisin kiinnostunut toimimaan jatkossa jaoston muissa rooleissa (esim. luistelukouluohjaaja, n\u00e4yt\u00f6s- ja kilpailutalkoot) ja toivon siihen liittyen yhteydenottoa.\n\t\t<span class=\"frm_required\" aria-hidden=\"true\">*<\/span>\n\t<\/div>\n\t<div class=\"frm_opt_container\" aria-labelledby=\"field_hfkfe_label\" role=\"group\">\t\t<div class=\"frm_checkbox\" id=\"frm_checkbox_123-0\">\t\t\t<label  for=\"field_hfkfe-0\">\n\t\t\t<input type=\"checkbox\" name=\"item_meta[123][]\" id=\"field_hfkfe-0\" value=\"Kyll\u00e4\"  data-frmlimit=\"1\"  data-frmmin=\"1\"  data-reqmsg=\"T\u00e4m\u00e4 kentt\u00e4 ei voi olla tyhj\u00e4.\" data-invmsg=\"Olisin kiinnostunut toimimaan jatkossa jaoston muissa rooleissa (esim. luistelukouluohjaaja, n\u00e4yt\u00f6s- ja kilpailutalkoot) ja toivon siihen liittyen yhteydenottoa. is invalid\"   aria-required=\"true\"  \/> Kyll\u00e4<\/label><\/div>\n\t\t<div class=\"frm_checkbox\" id=\"frm_checkbox_123-1\">\t\t\t<label  for=\"field_hfkfe-1\">\n\t\t\t<input type=\"checkbox\" name=\"item_meta[123][]\" id=\"field_hfkfe-1\" value=\"Ei\"  data-frmlimit=\"1\"  data-frmmin=\"1\"  data-reqmsg=\"T\u00e4m\u00e4 kentt\u00e4 ei voi olla tyhj\u00e4.\" data-invmsg=\"Olisin kiinnostunut toimimaan jatkossa jaoston muissa rooleissa (esim. luistelukouluohjaaja, n\u00e4yt\u00f6s- ja kilpailutalkoot) ja toivon siihen liittyen yhteydenottoa. is invalid\"   \/> Ei<\/label><\/div>\n<\/div>\n\t\n\t\n<\/div>\n<div id=\"frm_field_121_container\" class=\"frm_form_field form-field \">\n\t<div class=\"frm_submit\">\r\n\r\n<button class=\"frm_button_submit frm_final_submit\" type=\"submit\"   formnovalidate=\"formnovalidate\">L\u00e4het\u00e4<\/button>\r\n\r\n<a href=\"#\" tabindex=\"0\" class=\"frm_start_over\" >Start Over<\/a>\r\n<\/div>\n<\/div>\n\t<input type=\"hidden\" name=\"item_key\" value=\"\" \/>\n\t\t\t<div id=\"frm_field_125_container\">\n\t\t\t<label for=\"field_mdw7s\" >\n\t\t\t\tIf you are human, leave this field blank.\t\t\t<\/label>\n\t\t\t<input  id=\"field_mdw7s\" type=\"text\" class=\"frm_form_field form-field frm_verify\" name=\"item_meta[125]\" value=\"\"  \/>\n\t\t<\/div>\n\t\t<input name=\"frm_state\" type=\"hidden\" value=\"1ON8XmkaEjxfXq9pnb1PTi2Pb\/bNva7mtu1KhWJIhHPJs9pn2ApDc9XYAsUNaduO\" \/><\/div>\n<\/fieldset>\n<\/div>\n\n<p style=\"display: none !important;\" class=\"akismet-fields-container\" data-prefix=\"ak_\"><label>&#916;<textarea name=\"ak_hp_textarea\" cols=\"45\" rows=\"8\" maxlength=\"100\"><\/textarea><\/label><input type=\"hidden\" id=\"ak_js_1\" name=\"ak_js\" value=\"165\"\/><script>document.getElementById( \"ak_js_1\" ).setAttribute( \"value\", ( new Date() ).getTime() );<\/script><\/p><\/form>\n<\/div>\n","protected":false},"excerpt":{"rendered":"","protected":false},"author":41,"featured_media":0,"parent":3,"menu_order":0,"comment_status":"closed","ping_status":"closed","template":"","meta":{"_acf_changed":false,"footnotes":""},"class_list":["post-3302997","page","type-page","status-publish","hentry"],"acf":[],"yoast_head":"<!-- This site is optimized with the Yoast SEO plugin v26.7 - https:\/\/yoast.com\/wordpress\/plugins\/seo\/ -->\n<title>Lopettamisilmoitus - Koovee Taitoluistelu<\/title>\n<meta name=\"robots\" content=\"index, follow, max-snippet:-1, max-image-preview:large, max-video-preview:-1\" \/>\n<link rel=\"canonical\" href=\"https:\/\/koovee.fi\/taitoluistelu\/sample-page\/lopettamisilmoitus\/\" \/>\n<meta property=\"og:locale\" content=\"fi_FI\" \/>\n<meta property=\"og:type\" content=\"article\" \/>\n<meta property=\"og:title\" content=\"Lopettamisilmoitus - Koovee Taitoluistelu\" \/>\n<meta property=\"og:url\" content=\"https:\/\/koovee.fi\/taitoluistelu\/sample-page\/lopettamisilmoitus\/\" \/>\n<meta property=\"og:site_name\" content=\"Koovee Taitoluistelu\" \/>\n<meta property=\"article:publisher\" content=\"https:\/\/www.facebook.com\/kooveetaitoluistelu\" \/>\n<meta property=\"article:modified_time\" content=\"2025-12-31T08:15:55+00:00\" \/>\n<meta name=\"twitter:card\" content=\"summary_large_image\" \/>\n<meta name=\"twitter:label1\" content=\"Arvioitu lukuaika\" \/>\n\t<meta name=\"twitter:data1\" content=\"1 minuutti\" \/>\n<script type=\"application\/ld+json\" class=\"yoast-schema-graph\">{\"@context\":\"https:\/\/schema.org\",\"@graph\":[{\"@type\":\"WebPage\",\"@id\":\"https:\/\/koovee.fi\/taitoluistelu\/sample-page\/lopettamisilmoitus\/\",\"url\":\"https:\/\/koovee.fi\/taitoluistelu\/sample-page\/lopettamisilmoitus\/\",\"name\":\"Lopettamisilmoitus - Koovee Taitoluistelu\",\"isPartOf\":{\"@id\":\"https:\/\/koovee.fi\/taitoluistelu\/#website\"},\"datePublished\":\"2022-12-30T17:57:08+00:00\",\"dateModified\":\"2025-12-31T08:15:55+00:00\",\"breadcrumb\":{\"@id\":\"https:\/\/koovee.fi\/taitoluistelu\/sample-page\/lopettamisilmoitus\/#breadcrumb\"},\"inLanguage\":\"fi\",\"potentialAction\":[{\"@type\":\"ReadAction\",\"target\":[\"https:\/\/koovee.fi\/taitoluistelu\/sample-page\/lopettamisilmoitus\/\"]}]},{\"@type\":\"BreadcrumbList\",\"@id\":\"https:\/\/koovee.fi\/taitoluistelu\/sample-page\/lopettamisilmoitus\/#breadcrumb\",\"itemListElement\":[{\"@type\":\"ListItem\",\"position\":1,\"name\":\"Etusivu\",\"item\":\"https:\/\/koovee.fi\/taitoluistelu\/\"},{\"@type\":\"ListItem\",\"position\":2,\"name\":\"Koti\",\"item\":\"https:\/\/koovee.fi\/taitoluistelu\/\"},{\"@type\":\"ListItem\",\"position\":3,\"name\":\"Lopettamisilmoitus\"}]},{\"@type\":\"WebSite\",\"@id\":\"https:\/\/koovee.fi\/taitoluistelu\/#website\",\"url\":\"https:\/\/koovee.fi\/taitoluistelu\/\",\"name\":\"Koovee Taitoluistelu\",\"description\":\"\",\"potentialAction\":[{\"@type\":\"SearchAction\",\"target\":{\"@type\":\"EntryPoint\",\"urlTemplate\":\"https:\/\/koovee.fi\/taitoluistelu\/?s={search_term_string}\"},\"query-input\":{\"@type\":\"PropertyValueSpecification\",\"valueRequired\":true,\"valueName\":\"search_term_string\"}}],\"inLanguage\":\"fi\"}]}<\/script>\n<!-- \/ Yoast SEO plugin. -->","yoast_head_json":{"title":"Lopettamisilmoitus - Koovee Taitoluistelu","robots":{"index":"index","follow":"follow","max-snippet":"max-snippet:-1","max-image-preview":"max-image-preview:large","max-video-preview":"max-video-preview:-1"},"canonical":"https:\/\/koovee.fi\/taitoluistelu\/sample-page\/lopettamisilmoitus\/","og_locale":"fi_FI","og_type":"article","og_title":"Lopettamisilmoitus - Koovee Taitoluistelu","og_url":"https:\/\/koovee.fi\/taitoluistelu\/sample-page\/lopettamisilmoitus\/","og_site_name":"Koovee Taitoluistelu","article_publisher":"https:\/\/www.facebook.com\/kooveetaitoluistelu","article_modified_time":"2025-12-31T08:15:55+00:00","twitter_card":"summary_large_image","twitter_misc":{"Arvioitu lukuaika":"1 minuutti"},"schema":{"@context":"https:\/\/schema.org","@graph":[{"@type":"WebPage","@id":"https:\/\/koovee.fi\/taitoluistelu\/sample-page\/lopettamisilmoitus\/","url":"https:\/\/koovee.fi\/taitoluistelu\/sample-page\/lopettamisilmoitus\/","name":"Lopettamisilmoitus - Koovee Taitoluistelu","isPartOf":{"@id":"https:\/\/koovee.fi\/taitoluistelu\/#website"},"datePublished":"2022-12-30T17:57:08+00:00","dateModified":"2025-12-31T08:15:55+00:00","breadcrumb":{"@id":"https:\/\/koovee.fi\/taitoluistelu\/sample-page\/lopettamisilmoitus\/#breadcrumb"},"inLanguage":"fi","potentialAction":[{"@type":"ReadAction","target":["https:\/\/koovee.fi\/taitoluistelu\/sample-page\/lopettamisilmoitus\/"]}]},{"@type":"BreadcrumbList","@id":"https:\/\/koovee.fi\/taitoluistelu\/sample-page\/lopettamisilmoitus\/#breadcrumb","itemListElement":[{"@type":"ListItem","position":1,"name":"Etusivu","item":"https:\/\/koovee.fi\/taitoluistelu\/"},{"@type":"ListItem","position":2,"name":"Koti","item":"https:\/\/koovee.fi\/taitoluistelu\/"},{"@type":"ListItem","position":3,"name":"Lopettamisilmoitus"}]},{"@type":"WebSite","@id":"https:\/\/koovee.fi\/taitoluistelu\/#website","url":"https:\/\/koovee.fi\/taitoluistelu\/","name":"Koovee Taitoluistelu","description":"","potentialAction":[{"@type":"SearchAction","target":{"@type":"EntryPoint","urlTemplate":"https:\/\/koovee.fi\/taitoluistelu\/?s={search_term_string}"},"query-input":{"@type":"PropertyValueSpecification","valueRequired":true,"valueName":"search_term_string"}}],"inLanguage":"fi"}]}},"_links":{"self":[{"href":"https:\/\/koovee.fi\/taitoluistelu\/wp-json\/wp\/v2\/pages\/3302997","targetHints":{"allow":["GET"]}}],"collection":[{"href":"https:\/\/koovee.fi\/taitoluistelu\/wp-json\/wp\/v2\/pages"}],"about":[{"href":"https:\/\/koovee.fi\/taitoluistelu\/wp-json\/wp\/v2\/types\/page"}],"author":[{"embeddable":true,"href":"https:\/\/koovee.fi\/taitoluistelu\/wp-json\/wp\/v2\/users\/41"}],"replies":[{"embeddable":true,"href":"https:\/\/koovee.fi\/taitoluistelu\/wp-json\/wp\/v2\/comments?post=3302997"}],"version-history":[{"count":4,"href":"https:\/\/koovee.fi\/taitoluistelu\/wp-json\/wp\/v2\/pages\/3302997\/revisions"}],"predecessor-version":[{"id":3305672,"href":"https:\/\/koovee.fi\/taitoluistelu\/wp-json\/wp\/v2\/pages\/3302997\/revisions\/3305672"}],"up":[{"embeddable":true,"href":"https:\/\/koovee.fi\/taitoluistelu\/wp-json\/wp\/v2\/pages\/3"}],"wp:attachment":[{"href":"https:\/\/koovee.fi\/taitoluistelu\/wp-json\/wp\/v2\/media?parent=3302997"}],"curies":[{"name":"wp","href":"https:\/\/api.w.org\/{rel}","templated":true}]}}