{"id":3305570,"date":"2025-05-07T07:33:30","date_gmt":"2025-05-07T04:33:30","guid":{"rendered":"https:\/\/koovee.fi\/suunnistus\/?page_id=3305570"},"modified":"2025-05-12T10:55:19","modified_gmt":"2025-05-12T07:55:19","slug":"pysu25ll","status":"publish","type":"page","link":"https:\/\/koovee.fi\/suunnistus\/pysusm25\/pysu25ll\/","title":{"rendered":"Py\u00f6r\u00e4suunnistus SM 2025 L\u00e4ht\u00f6listat, tulokset ja v\u00e4liajat"},"content":{"rendered":"","protected":false},"excerpt":{"rendered":"","protected":false},"author":29,"featured_media":0,"parent":3305215,"menu_order":0,"comment_status":"closed","ping_status":"closed","template":"","meta":{"_acf_changed":false,"footnotes":""},"class_list":["post-3305570","page","type-page","status-publish","hentry"],"acf":[],"yoast_head":"<!-- This site is optimized with the Yoast SEO plugin v26.7 - https:\/\/yoast.com\/wordpress\/plugins\/seo\/ -->\n<title>Py\u00f6r\u00e4suunnistus SM 2025 L\u00e4ht\u00f6listat, tulokset ja v\u00e4liajat - Koovee Suunnistus<\/title>\n<meta name=\"robots\" content=\"index, follow, max-snippet:-1, max-image-preview:large, max-video-preview:-1\" \/>\n<link rel=\"canonical\" href=\"https:\/\/koovee.fi\/suunnistus\/pysusm25\/pysu25ll\/\" \/>\n<meta property=\"og:locale\" content=\"fi_FI\" \/>\n<meta property=\"og:type\" content=\"article\" \/>\n<meta property=\"og:title\" content=\"Py\u00f6r\u00e4suunnistus SM 2025 L\u00e4ht\u00f6listat, tulokset ja v\u00e4liajat - Koovee Suunnistus\" \/>\n<meta property=\"og:url\" content=\"https:\/\/koovee.fi\/suunnistus\/pysusm25\/pysu25ll\/\" \/>\n<meta property=\"og:site_name\" content=\"Koovee Suunnistus\" \/>\n<meta property=\"article:publisher\" content=\"https:\/\/www.facebook.com\/kooveetaitoluistelu\" \/>\n<meta property=\"article:modified_time\" content=\"2025-05-12T07:55:19+00:00\" \/>\n<meta name=\"twitter:card\" content=\"summary_large_image\" \/>\n<script type=\"application\/ld+json\" class=\"yoast-schema-graph\">{\"@context\":\"https:\/\/schema.org\",\"@graph\":[{\"@type\":\"WebPage\",\"@id\":\"https:\/\/koovee.fi\/suunnistus\/pysusm25\/pysu25ll\/\",\"url\":\"https:\/\/koovee.fi\/suunnistus\/pysusm25\/pysu25ll\/\",\"name\":\"Py\u00f6r\u00e4suunnistus SM 2025 L\u00e4ht\u00f6listat, tulokset ja v\u00e4liajat - Koovee Suunnistus\",\"isPartOf\":{\"@id\":\"https:\/\/koovee.fi\/suunnistus\/#website\"},\"datePublished\":\"2025-05-07T04:33:30+00:00\",\"dateModified\":\"2025-05-12T07:55:19+00:00\",\"breadcrumb\":{\"@id\":\"https:\/\/koovee.fi\/suunnistus\/pysusm25\/pysu25ll\/#breadcrumb\"},\"inLanguage\":\"fi\",\"potentialAction\":[{\"@type\":\"ReadAction\",\"target\":[\"https:\/\/koovee.fi\/suunnistus\/pysusm25\/pysu25ll\/\"]}]},{\"@type\":\"BreadcrumbList\",\"@id\":\"https:\/\/koovee.fi\/suunnistus\/pysusm25\/pysu25ll\/#breadcrumb\",\"itemListElement\":[{\"@type\":\"ListItem\",\"position\":1,\"name\":\"Etusivu\",\"item\":\"https:\/\/koovee.fi\/suunnistus\/\"},{\"@type\":\"ListItem\",\"position\":2,\"name\":\"Py\u00f6r\u00e4suunnistuksen SM-kilpailut 10-11.5.2025\",\"item\":\"https:\/\/koovee.fi\/suunnistus\/pysusm25\/\"},{\"@type\":\"ListItem\",\"position\":3,\"name\":\"Py\u00f6r\u00e4suunnistus SM 2025 L\u00e4ht\u00f6listat, tulokset ja v\u00e4liajat\"}]},{\"@type\":\"WebSite\",\"@id\":\"https:\/\/koovee.fi\/suunnistus\/#website\",\"url\":\"https:\/\/koovee.fi\/suunnistus\/\",\"name\":\"Koovee Suunnistus\",\"description\":\"\",\"potentialAction\":[{\"@type\":\"SearchAction\",\"target\":{\"@type\":\"EntryPoint\",\"urlTemplate\":\"https:\/\/koovee.fi\/suunnistus\/?s={search_term_string}\"},\"query-input\":{\"@type\":\"PropertyValueSpecification\",\"valueRequired\":true,\"valueName\":\"search_term_string\"}}],\"inLanguage\":\"fi\"}]}<\/script>\n<!-- \/ Yoast SEO plugin. -->","yoast_head_json":{"title":"Py\u00f6r\u00e4suunnistus SM 2025 L\u00e4ht\u00f6listat, tulokset ja v\u00e4liajat - Koovee Suunnistus","robots":{"index":"index","follow":"follow","max-snippet":"max-snippet:-1","max-image-preview":"max-image-preview:large","max-video-preview":"max-video-preview:-1"},"canonical":"https:\/\/koovee.fi\/suunnistus\/pysusm25\/pysu25ll\/","og_locale":"fi_FI","og_type":"article","og_title":"Py\u00f6r\u00e4suunnistus SM 2025 L\u00e4ht\u00f6listat, tulokset ja v\u00e4liajat - Koovee Suunnistus","og_url":"https:\/\/koovee.fi\/suunnistus\/pysusm25\/pysu25ll\/","og_site_name":"Koovee Suunnistus","article_publisher":"https:\/\/www.facebook.com\/kooveetaitoluistelu","article_modified_time":"2025-05-12T07:55:19+00:00","twitter_card":"summary_large_image","schema":{"@context":"https:\/\/schema.org","@graph":[{"@type":"WebPage","@id":"https:\/\/koovee.fi\/suunnistus\/pysusm25\/pysu25ll\/","url":"https:\/\/koovee.fi\/suunnistus\/pysusm25\/pysu25ll\/","name":"Py\u00f6r\u00e4suunnistus SM 2025 L\u00e4ht\u00f6listat, tulokset ja v\u00e4liajat - Koovee Suunnistus","isPartOf":{"@id":"https:\/\/koovee.fi\/suunnistus\/#website"},"datePublished":"2025-05-07T04:33:30+00:00","dateModified":"2025-05-12T07:55:19+00:00","breadcrumb":{"@id":"https:\/\/koovee.fi\/suunnistus\/pysusm25\/pysu25ll\/#breadcrumb"},"inLanguage":"fi","potentialAction":[{"@type":"ReadAction","target":["https:\/\/koovee.fi\/suunnistus\/pysusm25\/pysu25ll\/"]}]},{"@type":"BreadcrumbList","@id":"https:\/\/koovee.fi\/suunnistus\/pysusm25\/pysu25ll\/#breadcrumb","itemListElement":[{"@type":"ListItem","position":1,"name":"Etusivu","item":"https:\/\/koovee.fi\/suunnistus\/"},{"@type":"ListItem","position":2,"name":"Py\u00f6r\u00e4suunnistuksen SM-kilpailut 10-11.5.2025","item":"https:\/\/koovee.fi\/suunnistus\/pysusm25\/"},{"@type":"ListItem","position":3,"name":"Py\u00f6r\u00e4suunnistus SM 2025 L\u00e4ht\u00f6listat, tulokset ja v\u00e4liajat"}]},{"@type":"WebSite","@id":"https:\/\/koovee.fi\/suunnistus\/#website","url":"https:\/\/koovee.fi\/suunnistus\/","name":"Koovee Suunnistus","description":"","potentialAction":[{"@type":"SearchAction","target":{"@type":"EntryPoint","urlTemplate":"https:\/\/koovee.fi\/suunnistus\/?s={search_term_string}"},"query-input":{"@type":"PropertyValueSpecification","valueRequired":true,"valueName":"search_term_string"}}],"inLanguage":"fi"}]}},"_links":{"self":[{"href":"https:\/\/koovee.fi\/suunnistus\/wp-json\/wp\/v2\/pages\/3305570","targetHints":{"allow":["GET"]}}],"collection":[{"href":"https:\/\/koovee.fi\/suunnistus\/wp-json\/wp\/v2\/pages"}],"about":[{"href":"https:\/\/koovee.fi\/suunnistus\/wp-json\/wp\/v2\/types\/page"}],"author":[{"embeddable":true,"href":"https:\/\/koovee.fi\/suunnistus\/wp-json\/wp\/v2\/users\/29"}],"replies":[{"embeddable":true,"href":"https:\/\/koovee.fi\/suunnistus\/wp-json\/wp\/v2\/comments?post=3305570"}],"version-history":[{"count":3,"href":"https:\/\/koovee.fi\/suunnistus\/wp-json\/wp\/v2\/pages\/3305570\/revisions"}],"predecessor-version":[{"id":3305629,"href":"https:\/\/koovee.fi\/suunnistus\/wp-json\/wp\/v2\/pages\/3305570\/revisions\/3305629"}],"up":[{"embeddable":true,"href":"https:\/\/koovee.fi\/suunnistus\/wp-json\/wp\/v2\/pages\/3305215"}],"wp:attachment":[{"href":"https:\/\/koovee.fi\/suunnistus\/wp-json\/wp\/v2\/media?parent=3305570"}],"curies":[{"name":"wp","href":"https:\/\/api.w.org\/{rel}","templated":true}]}}