{"id":4977,"date":"2019-11-01T13:27:12","date_gmt":"2019-11-01T11:27:12","guid":{"rendered":"https:\/\/koovee.fi\/salibandy\/?page_id=4977"},"modified":"2025-10-10T13:31:52","modified_gmt":"2025-10-10T10:31:52","slug":"saannot-ja-erotuomarit","status":"publish","type":"page","link":"https:\/\/koovee.fi\/salibandy\/jaosto\/joukkueenjohdonmateriaalit\/saannot-ja-erotuomarit\/","title":{"rendered":"S\u00e4\u00e4nn\u00f6t ja erotuomarit"},"content":{"rendered":"","protected":false},"excerpt":{"rendered":"","protected":false},"author":1,"featured_media":0,"parent":4951,"menu_order":0,"comment_status":"closed","ping_status":"closed","template":"","meta":{"_acf_changed":false,"footnotes":""},"class_list":["post-4977","page","type-page","status-publish","hentry"],"acf":[],"yoast_head":"<!-- This site is optimized with the Yoast SEO plugin v26.7 - https:\/\/yoast.com\/wordpress\/plugins\/seo\/ -->\n<title>S\u00e4\u00e4nn\u00f6t ja erotuomarit - Salibandy<\/title>\n<meta name=\"robots\" content=\"index, follow, max-snippet:-1, max-image-preview:large, max-video-preview:-1\" \/>\n<link rel=\"canonical\" href=\"https:\/\/koovee.fi\/salibandy\/jaosto\/joukkueenjohdonmateriaalit\/saannot-ja-erotuomarit\/\" \/>\n<meta property=\"og:locale\" content=\"fi_FI\" \/>\n<meta property=\"og:type\" content=\"article\" \/>\n<meta property=\"og:title\" content=\"S\u00e4\u00e4nn\u00f6t ja erotuomarit - Salibandy\" \/>\n<meta property=\"og:url\" content=\"https:\/\/koovee.fi\/salibandy\/jaosto\/joukkueenjohdonmateriaalit\/saannot-ja-erotuomarit\/\" \/>\n<meta property=\"og:site_name\" content=\"Salibandy\" \/>\n<meta property=\"article:publisher\" content=\"https:\/\/www.facebook.com\/kooveery\/\" \/>\n<meta property=\"article:modified_time\" content=\"2025-10-10T10:31:52+00:00\" \/>\n<meta name=\"twitter:card\" content=\"summary_large_image\" \/>\n<script type=\"application\/ld+json\" class=\"yoast-schema-graph\">{\"@context\":\"https:\/\/schema.org\",\"@graph\":[{\"@type\":\"WebPage\",\"@id\":\"https:\/\/koovee.fi\/salibandy\/jaosto\/joukkueenjohdonmateriaalit\/saannot-ja-erotuomarit\/\",\"url\":\"https:\/\/koovee.fi\/salibandy\/jaosto\/joukkueenjohdonmateriaalit\/saannot-ja-erotuomarit\/\",\"name\":\"S\u00e4\u00e4nn\u00f6t ja erotuomarit - Salibandy\",\"isPartOf\":{\"@id\":\"https:\/\/koovee.fi\/salibandy\/#website\"},\"datePublished\":\"2019-11-01T11:27:12+00:00\",\"dateModified\":\"2025-10-10T10:31:52+00:00\",\"breadcrumb\":{\"@id\":\"https:\/\/koovee.fi\/salibandy\/jaosto\/joukkueenjohdonmateriaalit\/saannot-ja-erotuomarit\/#breadcrumb\"},\"inLanguage\":\"fi\",\"potentialAction\":[{\"@type\":\"ReadAction\",\"target\":[\"https:\/\/koovee.fi\/salibandy\/jaosto\/joukkueenjohdonmateriaalit\/saannot-ja-erotuomarit\/\"]}]},{\"@type\":\"BreadcrumbList\",\"@id\":\"https:\/\/koovee.fi\/salibandy\/jaosto\/joukkueenjohdonmateriaalit\/saannot-ja-erotuomarit\/#breadcrumb\",\"itemListElement\":[{\"@type\":\"ListItem\",\"position\":1,\"name\":\"Etusivu\",\"item\":\"https:\/\/koovee.fi\/salibandy\/\"},{\"@type\":\"ListItem\",\"position\":2,\"name\":\"Jaosto\",\"item\":\"https:\/\/koovee.fi\/salibandy\/jaosto\/\"},{\"@type\":\"ListItem\",\"position\":3,\"name\":\"Joukkueenjohdon materiaalit\",\"item\":\"https:\/\/koovee.fi\/salibandy\/jaosto\/joukkueenjohdonmateriaalit\/\"},{\"@type\":\"ListItem\",\"position\":4,\"name\":\"S\u00e4\u00e4nn\u00f6t ja erotuomarit\"}]},{\"@type\":\"WebSite\",\"@id\":\"https:\/\/koovee.fi\/salibandy\/#website\",\"url\":\"https:\/\/koovee.fi\/salibandy\/\",\"name\":\"Salibandy\",\"description\":\"\",\"potentialAction\":[{\"@type\":\"SearchAction\",\"target\":{\"@type\":\"EntryPoint\",\"urlTemplate\":\"https:\/\/koovee.fi\/salibandy\/?s={search_term_string}\"},\"query-input\":{\"@type\":\"PropertyValueSpecification\",\"valueRequired\":true,\"valueName\":\"search_term_string\"}}],\"inLanguage\":\"fi\"}]}<\/script>\n<!-- \/ Yoast SEO plugin. -->","yoast_head_json":{"title":"S\u00e4\u00e4nn\u00f6t ja erotuomarit - Salibandy","robots":{"index":"index","follow":"follow","max-snippet":"max-snippet:-1","max-image-preview":"max-image-preview:large","max-video-preview":"max-video-preview:-1"},"canonical":"https:\/\/koovee.fi\/salibandy\/jaosto\/joukkueenjohdonmateriaalit\/saannot-ja-erotuomarit\/","og_locale":"fi_FI","og_type":"article","og_title":"S\u00e4\u00e4nn\u00f6t ja erotuomarit - Salibandy","og_url":"https:\/\/koovee.fi\/salibandy\/jaosto\/joukkueenjohdonmateriaalit\/saannot-ja-erotuomarit\/","og_site_name":"Salibandy","article_publisher":"https:\/\/www.facebook.com\/kooveery\/","article_modified_time":"2025-10-10T10:31:52+00:00","twitter_card":"summary_large_image","schema":{"@context":"https:\/\/schema.org","@graph":[{"@type":"WebPage","@id":"https:\/\/koovee.fi\/salibandy\/jaosto\/joukkueenjohdonmateriaalit\/saannot-ja-erotuomarit\/","url":"https:\/\/koovee.fi\/salibandy\/jaosto\/joukkueenjohdonmateriaalit\/saannot-ja-erotuomarit\/","name":"S\u00e4\u00e4nn\u00f6t ja erotuomarit - Salibandy","isPartOf":{"@id":"https:\/\/koovee.fi\/salibandy\/#website"},"datePublished":"2019-11-01T11:27:12+00:00","dateModified":"2025-10-10T10:31:52+00:00","breadcrumb":{"@id":"https:\/\/koovee.fi\/salibandy\/jaosto\/joukkueenjohdonmateriaalit\/saannot-ja-erotuomarit\/#breadcrumb"},"inLanguage":"fi","potentialAction":[{"@type":"ReadAction","target":["https:\/\/koovee.fi\/salibandy\/jaosto\/joukkueenjohdonmateriaalit\/saannot-ja-erotuomarit\/"]}]},{"@type":"BreadcrumbList","@id":"https:\/\/koovee.fi\/salibandy\/jaosto\/joukkueenjohdonmateriaalit\/saannot-ja-erotuomarit\/#breadcrumb","itemListElement":[{"@type":"ListItem","position":1,"name":"Etusivu","item":"https:\/\/koovee.fi\/salibandy\/"},{"@type":"ListItem","position":2,"name":"Jaosto","item":"https:\/\/koovee.fi\/salibandy\/jaosto\/"},{"@type":"ListItem","position":3,"name":"Joukkueenjohdon materiaalit","item":"https:\/\/koovee.fi\/salibandy\/jaosto\/joukkueenjohdonmateriaalit\/"},{"@type":"ListItem","position":4,"name":"S\u00e4\u00e4nn\u00f6t ja erotuomarit"}]},{"@type":"WebSite","@id":"https:\/\/koovee.fi\/salibandy\/#website","url":"https:\/\/koovee.fi\/salibandy\/","name":"Salibandy","description":"","potentialAction":[{"@type":"SearchAction","target":{"@type":"EntryPoint","urlTemplate":"https:\/\/koovee.fi\/salibandy\/?s={search_term_string}"},"query-input":{"@type":"PropertyValueSpecification","valueRequired":true,"valueName":"search_term_string"}}],"inLanguage":"fi"}]}},"_links":{"self":[{"href":"https:\/\/koovee.fi\/salibandy\/wp-json\/wp\/v2\/pages\/4977","targetHints":{"allow":["GET"]}}],"collection":[{"href":"https:\/\/koovee.fi\/salibandy\/wp-json\/wp\/v2\/pages"}],"about":[{"href":"https:\/\/koovee.fi\/salibandy\/wp-json\/wp\/v2\/types\/page"}],"author":[{"embeddable":true,"href":"https:\/\/koovee.fi\/salibandy\/wp-json\/wp\/v2\/users\/1"}],"replies":[{"embeddable":true,"href":"https:\/\/koovee.fi\/salibandy\/wp-json\/wp\/v2\/comments?post=4977"}],"version-history":[{"count":2,"href":"https:\/\/koovee.fi\/salibandy\/wp-json\/wp\/v2\/pages\/4977\/revisions"}],"predecessor-version":[{"id":3977879,"href":"https:\/\/koovee.fi\/salibandy\/wp-json\/wp\/v2\/pages\/4977\/revisions\/3977879"}],"up":[{"embeddable":true,"href":"https:\/\/koovee.fi\/salibandy\/wp-json\/wp\/v2\/pages\/4951"}],"wp:attachment":[{"href":"https:\/\/koovee.fi\/salibandy\/wp-json\/wp\/v2\/media?parent=4977"}],"curies":[{"name":"wp","href":"https:\/\/api.w.org\/{rel}","templated":true}]}}